{"id":233,"date":"2024-06-05T11:59:30","date_gmt":"2024-06-05T09:59:30","guid":{"rendered":"https:\/\/zini-restoraziuns.ch\/zini-restoraziuns\/"},"modified":"2024-11-06T10:56:54","modified_gmt":"2024-11-06T09:56:54","slug":"zini-restoraziuns","status":"publish","type":"page","link":"https:\/\/zini-restoraziuns.ch\/rm-ch\/","title":{"rendered":"Zini Restoraziuns"},"content":{"rendered":"\n<p>La firma es gn\u00fcda fundada dal 1982 da Silvio Zini sco firma singula. Dal 2020 es l\u2019impraisa gn\u00fcda surtutta dad Armon Thomas cun tuot ils collavuraturs da pl\u00fcs ons e m\u00fcdada intuorn in Zini ScRL. Armon Thomas es eir il manader da gestiun da la firma. <br>Dasp\u00f6 il principi da l\u2019activit\u00e0 da fabrica dal 1982 d\u2019eira la restoraziun da chasas veglias il pl\u00fc grond interess da la firma ed in quist sen vain manada inavant la Zini ScRL. Il sez as rechatta a Sclamischot Strada e Silvio Zini es inavant activ sco collavuratur liber.<\/p>\n","protected":false},"excerpt":{"rendered":"<p>La firma es gn\u00fcda fundada dal 1982 da Silvio Zini sco firma singula. Dal 2020 es l\u2019impraisa gn\u00fcda surtutta dad Armon Thomas cun tuot ils collavuraturs da pl\u00fcs ons e m\u00fcdada intuorn in Zini ScRL. Armon Thomas es eir il manader da gestiun da la firma. Dasp\u00f6 il principi da l\u2019activit\u00e0 da fabrica dal 1982 [&hellip;]<\/p>\n","protected":false},"author":1,"featured_media":0,"parent":0,"menu_order":0,"comment_status":"closed","ping_status":"closed","template":"","meta":{"_acf_changed":false,"_seopress_robots_primary_cat":"","_seopress_titles_title":"%%sitetitle%%","_seopress_titles_desc":"Dasp\u00f6 il principi da l\u2019activit\u00e0 da fabrica dal 1982 d\u2019eira la restoraziun da chasas veglias il pl\u00fc grond interess da la firma.","_seopress_robots_index":"","footnotes":""},"class_list":["post-233","page","type-page","status-publish","hentry"],"acf":{"photo_gallery":{"fullscreen_slider":[[{"id":180,"title":"T22 fassadenrestaurationen-zini-191019164200","caption":"","full_image_url":"https:\/\/zini-restoraziuns.ch\/wp-content\/uploads\/2024\/06\/T22-fassadenrestaurationen-zini-191019164200.jpg","thumbnail_image_url":"https:\/\/zini-restoraziuns.ch\/wp-content\/uploads\/2024\/06\/T22-fassadenrestaurationen-zini-191019164200-150x150.jpg","large_srcset":"https:\/\/zini-restoraziuns.ch\/wp-content\/uploads\/2024\/06\/T22-fassadenrestaurationen-zini-191019164200-1024x768.jpg 1024w, https:\/\/zini-restoraziuns.ch\/wp-content\/uploads\/2024\/06\/T22-fassadenrestaurationen-zini-191019164200-300x225.jpg 300w, https:\/\/zini-restoraziuns.ch\/wp-content\/uploads\/2024\/06\/T22-fassadenrestaurationen-zini-191019164200-768x576.jpg 768w, https:\/\/zini-restoraziuns.ch\/wp-content\/uploads\/2024\/06\/T22-fassadenrestaurationen-zini-191019164200.jpg 1500w","medium_srcset":"https:\/\/zini-restoraziuns.ch\/wp-content\/uploads\/2024\/06\/T22-fassadenrestaurationen-zini-191019164200-300x225.jpg 300w, https:\/\/zini-restoraziuns.ch\/wp-content\/uploads\/2024\/06\/T22-fassadenrestaurationen-zini-191019164200-1024x768.jpg 1024w, https:\/\/zini-restoraziuns.ch\/wp-content\/uploads\/2024\/06\/T22-fassadenrestaurationen-zini-191019164200-768x576.jpg 768w, https:\/\/zini-restoraziuns.ch\/wp-content\/uploads\/2024\/06\/T22-fassadenrestaurationen-zini-191019164200.jpg 1500w","media_details":{"width":1500,"height":1125,"sizes":{"medium":{"file":"T22-fassadenrestaurationen-zini-191019164200-300x225.jpg","width":300,"height":225,"mime-type":"image\/jpeg","filesize":18686,"source_url":"https:\/\/zini-restoraziuns.ch\/wp-content\/uploads\/2024\/06\/T22-fassadenrestaurationen-zini-191019164200-300x225.jpg"},"large":{"file":"T22-fassadenrestaurationen-zini-191019164200-1024x768.jpg","width":1024,"height":768,"mime-type":"image\/jpeg","filesize":172026,"source_url":"https:\/\/zini-restoraziuns.ch\/wp-content\/uploads\/2024\/06\/T22-fassadenrestaurationen-zini-191019164200-1024x768.jpg"},"thumbnail":{"file":"T22-fassadenrestaurationen-zini-191019164200-150x150.jpg","width":150,"height":150,"mime-type":"image\/jpeg","filesize":7206,"source_url":"https:\/\/zini-restoraziuns.ch\/wp-content\/uploads\/2024\/06\/T22-fassadenrestaurationen-zini-191019164200-150x150.jpg"},"medium_large":{"file":"T22-fassadenrestaurationen-zini-191019164200-768x576.jpg","width":768,"height":576,"mime-type":"image\/jpeg","filesize":102516,"source_url":"https:\/\/zini-restoraziuns.ch\/wp-content\/uploads\/2024\/06\/T22-fassadenrestaurationen-zini-191019164200-768x576.jpg"}}},"alt_text":"","url":"","target":""},{"id":179,"title":"T11 fassadenrestaurationen-zini-191019164200","caption":"","full_image_url":"https:\/\/zini-restoraziuns.ch\/wp-content\/uploads\/2024\/06\/T11-fassadenrestaurationen-zini-191019164200.jpg","thumbnail_image_url":"https:\/\/zini-restoraziuns.ch\/wp-content\/uploads\/2024\/06\/T11-fassadenrestaurationen-zini-191019164200-150x150.jpg","large_srcset":"https:\/\/zini-restoraziuns.ch\/wp-content\/uploads\/2024\/06\/T11-fassadenrestaurationen-zini-191019164200-1024x768.jpg 1024w, https:\/\/zini-restoraziuns.ch\/wp-content\/uploads\/2024\/06\/T11-fassadenrestaurationen-zini-191019164200-300x225.jpg 300w, https:\/\/zini-restoraziuns.ch\/wp-content\/uploads\/2024\/06\/T11-fassadenrestaurationen-zini-191019164200-768x576.jpg 768w, https:\/\/zini-restoraziuns.ch\/wp-content\/uploads\/2024\/06\/T11-fassadenrestaurationen-zini-191019164200.jpg 1500w","medium_srcset":"https:\/\/zini-restoraziuns.ch\/wp-content\/uploads\/2024\/06\/T11-fassadenrestaurationen-zini-191019164200-300x225.jpg 300w, https:\/\/zini-restoraziuns.ch\/wp-content\/uploads\/2024\/06\/T11-fassadenrestaurationen-zini-191019164200-1024x768.jpg 1024w, https:\/\/zini-restoraziuns.ch\/wp-content\/uploads\/2024\/06\/T11-fassadenrestaurationen-zini-191019164200-768x576.jpg 768w, https:\/\/zini-restoraziuns.ch\/wp-content\/uploads\/2024\/06\/T11-fassadenrestaurationen-zini-191019164200.jpg 1500w","media_details":{"width":1500,"height":1125,"sizes":{"medium":{"file":"T11-fassadenrestaurationen-zini-191019164200-300x225.jpg","width":300,"height":225,"mime-type":"image\/jpeg","filesize":17825,"source_url":"https:\/\/zini-restoraziuns.ch\/wp-content\/uploads\/2024\/06\/T11-fassadenrestaurationen-zini-191019164200-300x225.jpg"},"large":{"file":"T11-fassadenrestaurationen-zini-191019164200-1024x768.jpg","width":1024,"height":768,"mime-type":"image\/jpeg","filesize":148348,"source_url":"https:\/\/zini-restoraziuns.ch\/wp-content\/uploads\/2024\/06\/T11-fassadenrestaurationen-zini-191019164200-1024x768.jpg"},"thumbnail":{"file":"T11-fassadenrestaurationen-zini-191019164200-150x150.jpg","width":150,"height":150,"mime-type":"image\/jpeg","filesize":6970,"source_url":"https:\/\/zini-restoraziuns.ch\/wp-content\/uploads\/2024\/06\/T11-fassadenrestaurationen-zini-191019164200-150x150.jpg"},"medium_large":{"file":"T11-fassadenrestaurationen-zini-191019164200-768x576.jpg","width":768,"height":576,"mime-type":"image\/jpeg","filesize":88874,"source_url":"https:\/\/zini-restoraziuns.ch\/wp-content\/uploads\/2024\/06\/T11-fassadenrestaurationen-zini-191019164200-768x576.jpg"}}},"alt_text":"","url":"","target":""}]]}},"_links":{"self":[{"href":"https:\/\/zini-restoraziuns.ch\/rm-ch\/wp-json\/wp\/v2\/pages\/233","targetHints":{"allow":["GET"]}}],"collection":[{"href":"https:\/\/zini-restoraziuns.ch\/rm-ch\/wp-json\/wp\/v2\/pages"}],"about":[{"href":"https:\/\/zini-restoraziuns.ch\/rm-ch\/wp-json\/wp\/v2\/types\/page"}],"author":[{"embeddable":true,"href":"https:\/\/zini-restoraziuns.ch\/rm-ch\/wp-json\/wp\/v2\/users\/1"}],"replies":[{"embeddable":true,"href":"https:\/\/zini-restoraziuns.ch\/rm-ch\/wp-json\/wp\/v2\/comments?post=233"}],"version-history":[{"count":4,"href":"https:\/\/zini-restoraziuns.ch\/rm-ch\/wp-json\/wp\/v2\/pages\/233\/revisions"}],"predecessor-version":[{"id":260,"href":"https:\/\/zini-restoraziuns.ch\/rm-ch\/wp-json\/wp\/v2\/pages\/233\/revisions\/260"}],"wp:attachment":[{"href":"https:\/\/zini-restoraziuns.ch\/rm-ch\/wp-json\/wp\/v2\/media?parent=233"}],"curies":[{"name":"wp","href":"https:\/\/api.w.org\/{rel}","templated":true}]}}